{"id":949,"date":"2016-06-21T19:05:55","date_gmt":"2016-06-21T17:05:55","guid":{"rendered":"http:\/\/www.caloliva.cat\/es\/?page_id=949"},"modified":"2016-06-21T19:16:57","modified_gmt":"2016-06-21T17:16:57","slug":"quienes-somos","status":"publish","type":"page","link":"https:\/\/www.caloliva.cat\/es\/quienes-somos\/","title":{"rendered":"Quienes somos"},"content":{"rendered":"<p>Ca l&#8217;Oliva es una casa rural con una capacida para 8 personas situada en la peque\u00f1a poblaci\u00f3n de Preixens (Lleida) el pueblo es totalmente agricola y ganadero, sus tierras estan regadas por el Canal d&#8217;Urgell, el municipio est\u00e1 ubicado en el bonito valle del R\u00edo Si\u00f3.<\/p>\n<p>\u00c9s una casa antigua que existe des del siglo XVIII, situada en el centro del pueblo de Preixens, una construcci\u00f3n antigua realizada a piedra vista. Nuestra fam\u00edlia hemos sido alba\u00f1iles de toda la vida y nuestros antecesores construyerons y restauraron muchas de las casas de Preixens.<\/p>\n<p>&nbsp;<\/p>\n<p><img loading=\"lazy\" class=\"wp-image-239 aligncenter\" src=\"http:\/\/www.caloliva.cat\/wp-content\/uploads\/2016\/04\/exterior-piscina-300x200.jpg\" alt=\"Casa rural amb piscina Ca l'Oliva de Preixens\" width=\"755\" height=\"503\" srcset=\"https:\/\/www.caloliva.cat\/wp-content\/uploads\/2016\/04\/exterior-piscina-300x200.jpg 300w, https:\/\/www.caloliva.cat\/wp-content\/uploads\/2016\/04\/exterior-piscina-768x513.jpg 768w, https:\/\/www.caloliva.cat\/wp-content\/uploads\/2016\/04\/exterior-piscina.jpg 1024w, https:\/\/www.caloliva.cat\/wp-content\/uploads\/2016\/04\/exterior-piscina-420x281.jpg 420w\" sizes=\"(max-width: 755px) 100vw, 755px\" \/><\/p>\n","protected":false},"excerpt":{"rendered":"<p>Ca l&#8217;Oliva es una casa rural con una capacida para 8 personas situada en la peque\u00f1a poblaci\u00f3n de Preixens (Lleida) el pueblo es totalmente agricola y ganadero, sus tierras estan regadas por el Canal d&#8217;Urgell, el municipio est\u00e1 ubicado en el bonito valle del R\u00edo Si\u00f3. \u00c9s una casa antigua que existe des del siglo XVIII, situada en el centro del pueblo de Preixens, una construcci\u00f3n antigua realizada a piedra vista. Nuestra fam\u00edlia hemos sido alba\u00f1iles de toda la vida y nuestros antecesores construyerons y restauraron muchas de las casas de Preixens. &nbsp;<a class=\"more-link\" href=\"https:\/\/www.caloliva.cat\/es\/quienes-somos\/\">Read More &rarr;<\/a><\/p>\n","protected":false},"author":1,"featured_media":500,"parent":0,"menu_order":0,"comment_status":"closed","ping_status":"closed","template":"","meta":[],"_links":{"self":[{"href":"https:\/\/www.caloliva.cat\/es\/wp-json\/wp\/v2\/pages\/949"}],"collection":[{"href":"https:\/\/www.caloliva.cat\/es\/wp-json\/wp\/v2\/pages"}],"about":[{"href":"https:\/\/www.caloliva.cat\/es\/wp-json\/wp\/v2\/types\/page"}],"author":[{"embeddable":true,"href":"https:\/\/www.caloliva.cat\/es\/wp-json\/wp\/v2\/users\/1"}],"replies":[{"embeddable":true,"href":"https:\/\/www.caloliva.cat\/es\/wp-json\/wp\/v2\/comments?post=949"}],"version-history":[{"count":2,"href":"https:\/\/www.caloliva.cat\/es\/wp-json\/wp\/v2\/pages\/949\/revisions"}],"predecessor-version":[{"id":951,"href":"https:\/\/www.caloliva.cat\/es\/wp-json\/wp\/v2\/pages\/949\/revisions\/951"}],"wp:featuredmedia":[{"embeddable":true,"href":"https:\/\/www.caloliva.cat\/es\/wp-json\/wp\/v2\/media\/500"}],"wp:attachment":[{"href":"https:\/\/www.caloliva.cat\/es\/wp-json\/wp\/v2\/media?parent=949"}],"curies":[{"name":"wp","href":"https:\/\/api.w.org\/{rel}","templated":true}]}}