{"id":828,"date":"2016-06-15T23:51:50","date_gmt":"2016-06-15T21:51:50","guid":{"rendered":"http:\/\/www.caloliva.cat\/es\/?page_id=828"},"modified":"2016-06-15T23:51:50","modified_gmt":"2016-06-15T21:51:50","slug":"cursos","status":"publish","type":"page","link":"https:\/\/www.caloliva.cat\/es\/cursos\/","title":{"rendered":"Cursos"},"content":{"rendered":"<p>Curs d&#8217;introducci\u00f3 al tast:<br \/>\nTast-formaci\u00f3 d&#8217;unes dues hores, on s&#8217;explica com tastar un vi.<br \/>\nTast de 3 vins.<br \/>\nInclou:<br \/>\nTot el material per tal de realitzar el tast.<br \/>\nPresentaci\u00f3 en Powerpoint i\/o dossier escrit.<br \/>\nCost:<br \/>\nEntre 20-25 \u20ac per persona, en funci\u00f3 dels vins escollits.<\/p>\n<p>Curs d&#8217;introducci\u00f3 al maridatge:<br \/>\nTast-formaci\u00f3 d&#8217;unes tres hores, on s&#8217;explica les bases del maridatge.<br \/>\nTast de 3-4 vins acompanyats de 3-4 plats\/aliments.<br \/>\nInclou:<br \/>\nTot el material per tal de realitzar el tast.<br \/>\nPresentaci\u00f3 en Powerpoint i\/o dossier escrit.<br \/>\nVins i plats per tal de realitzar les pr\u00e0ctiques<br \/>\nCopes, plats i tovallons<br \/>\nCost:<br \/>\n40 \u20ac per persona.<\/p>\n","protected":false},"excerpt":{"rendered":"<p>Curs d&#8217;introducci\u00f3 al tast: Tast-formaci\u00f3 d&#8217;unes dues hores, on s&#8217;explica com tastar un vi. Tast de 3 vins. Inclou: Tot el material per tal de realitzar el tast. Presentaci\u00f3 en Powerpoint i\/o dossier escrit. Cost: Entre 20-25 \u20ac per persona, en funci\u00f3 dels vins escollits. Curs d&#8217;introducci\u00f3 al maridatge: Tast-formaci\u00f3 d&#8217;unes tres hores, on s&#8217;explica les bases del maridatge. Tast de 3-4 vins acompanyats de 3-4 plats\/aliments. Inclou: Tot el material per tal de realitzar el tast. Presentaci\u00f3 en Powerpoint i\/o dossier escrit. Vins i plats per tal de realitzar les pr\u00e0ctiques Copes, plats i tovallons Cost: 40 \u20ac per persona.<a class=\"more-link\" href=\"https:\/\/www.caloliva.cat\/es\/cursos\/\">Read More &rarr;<\/a><\/p>\n","protected":false},"author":1,"featured_media":0,"parent":0,"menu_order":0,"comment_status":"closed","ping_status":"closed","template":"","meta":[],"_links":{"self":[{"href":"https:\/\/www.caloliva.cat\/es\/wp-json\/wp\/v2\/pages\/828"}],"collection":[{"href":"https:\/\/www.caloliva.cat\/es\/wp-json\/wp\/v2\/pages"}],"about":[{"href":"https:\/\/www.caloliva.cat\/es\/wp-json\/wp\/v2\/types\/page"}],"author":[{"embeddable":true,"href":"https:\/\/www.caloliva.cat\/es\/wp-json\/wp\/v2\/users\/1"}],"replies":[{"embeddable":true,"href":"https:\/\/www.caloliva.cat\/es\/wp-json\/wp\/v2\/comments?post=828"}],"version-history":[{"count":1,"href":"https:\/\/www.caloliva.cat\/es\/wp-json\/wp\/v2\/pages\/828\/revisions"}],"predecessor-version":[{"id":829,"href":"https:\/\/www.caloliva.cat\/es\/wp-json\/wp\/v2\/pages\/828\/revisions\/829"}],"wp:attachment":[{"href":"https:\/\/www.caloliva.cat\/es\/wp-json\/wp\/v2\/media?parent=828"}],"curies":[{"name":"wp","href":"https:\/\/api.w.org\/{rel}","templated":true}]}}