{"id":822,"date":"2016-04-01T15:38:13","date_gmt":"2016-04-01T15:38:13","guid":{"rendered":"http:\/\/www.caloliva.cat\/es\/?page_id=822"},"modified":"2022-03-17T12:35:53","modified_gmt":"2022-03-17T11:35:53","slug":"tarifes","status":"publish","type":"page","link":"https:\/\/www.caloliva.cat\/es\/tarifes\/","title":{"rendered":"Tarifas"},"content":{"rendered":"<p><span id=\"result_box\" class=\"\" lang=\"es\" tabindex=\"-1\"><strong>Tarifas 2022<\/strong>\u00a0(Precio por una capacidad de 8 personas, ampliable a 12)<\/span><\/p>\n<ul>\n<li><strong>Precio por persona y noche:<\/strong>\u00a040 \u20ac \/ persona (todo el a\u00f1o)<\/li>\n<li><strong>Fin de semana normal:<\/strong>\u00a0640 \u20ac (2 noches &#8211; 8 personas)<\/li>\n<li><strong>Precio por persona adicional:<\/strong>\u00a035 \u20ac<\/li>\n<li><strong>Semana de 7 (noches)<\/strong> \u20ac 1.995 (7 noches &#8211; 8 personas)<\/li>\n<li><strong>Puentes,<\/strong> semana Santa, Navidad y Fin de a\u00f1o ll\u00e1manos o bien, escribe un email<\/li>\n<\/ul>\n<p>* <span class=\"\">Los precios<\/span> incluyen el IVA tur\u00edstico del 10% y la tasa tur\u00edstica. M\u00ednmo de reserva 2 noches.<\/p>\n<p>* Para grupos mayores de 8 personas, consultar antes por tel\u00e9fono o email.<\/p>\n<p>Tel\u00e9fono: 636 35 22 61<\/p>\n","protected":false},"excerpt":{"rendered":"<p>Tarifas 2022\u00a0(Precio por una capacidad de 8 personas, ampliable a 12) Precio por persona y noche:\u00a040 \u20ac \/ persona (todo el a\u00f1o) Fin de semana normal:\u00a0640 \u20ac (2 noches &#8211; 8 personas) Precio por persona adicional:\u00a035 \u20ac Semana de 7 (noches) \u20ac 1.995 (7 noches &#8211; 8 personas) Puentes, semana Santa, Navidad y Fin de a\u00f1o ll\u00e1manos o bien, escribe un email * Los precios incluyen el IVA tur\u00edstico del 10% y la tasa tur\u00edstica. M\u00ednmo de reserva 2 noches. * Para grupos mayores de 8 personas, consultar antes por tel\u00e9fono o email. Tel\u00e9fono: 636 35 22 61<a class=\"more-link\" href=\"https:\/\/www.caloliva.cat\/es\/tarifes\/\">Read More &rarr;<\/a><\/p>\n","protected":false},"author":1,"featured_media":0,"parent":0,"menu_order":0,"comment_status":"closed","ping_status":"closed","template":"","meta":[],"_links":{"self":[{"href":"https:\/\/www.caloliva.cat\/es\/wp-json\/wp\/v2\/pages\/822"}],"collection":[{"href":"https:\/\/www.caloliva.cat\/es\/wp-json\/wp\/v2\/pages"}],"about":[{"href":"https:\/\/www.caloliva.cat\/es\/wp-json\/wp\/v2\/types\/page"}],"author":[{"embeddable":true,"href":"https:\/\/www.caloliva.cat\/es\/wp-json\/wp\/v2\/users\/1"}],"replies":[{"embeddable":true,"href":"https:\/\/www.caloliva.cat\/es\/wp-json\/wp\/v2\/comments?post=822"}],"version-history":[{"count":18,"href":"https:\/\/www.caloliva.cat\/es\/wp-json\/wp\/v2\/pages\/822\/revisions"}],"predecessor-version":[{"id":1150,"href":"https:\/\/www.caloliva.cat\/es\/wp-json\/wp\/v2\/pages\/822\/revisions\/1150"}],"wp:attachment":[{"href":"https:\/\/www.caloliva.cat\/es\/wp-json\/wp\/v2\/media?parent=822"}],"curies":[{"name":"wp","href":"https:\/\/api.w.org\/{rel}","templated":true}]}}