{"id":719,"date":"2016-06-15T00:02:32","date_gmt":"2016-06-14T22:02:32","guid":{"rendered":"http:\/\/www.caloliva.cat\/es\/?page_id=719"},"modified":"2016-06-28T12:21:53","modified_gmt":"2016-06-28T10:21:53","slug":"ornitologia","status":"publish","type":"page","link":"https:\/\/www.caloliva.cat\/es\/ornitologia\/","title":{"rendered":"Ornitolog\u00eda"},"content":{"rendered":"<p>Pueden consultar m\u00e1s informaci\u00f3n sobre la observaci\u00f3n de aves en la sierra de Almenara, Bellmunt i Montgai, acompa\u00f1ados adem\u00e1s de guias professionales,\u00a0 en este enlace:<a href=\"\/?p=1047\"> clique aqu\u00ed <\/a><\/p>\n<p><img loading=\"lazy\" class=\"alignnone  wp-image-967\" src=\"http:\/\/www.caloliva.cat\/wp-content\/uploads\/2016\/04\/IMG_9812-300x200.jpg\" alt=\"IMG_9812\" width=\"389\" height=\"259\" srcset=\"https:\/\/www.caloliva.cat\/wp-content\/uploads\/2016\/04\/IMG_9812-300x200.jpg 300w, https:\/\/www.caloliva.cat\/wp-content\/uploads\/2016\/04\/IMG_9812-768x512.jpg 768w, https:\/\/www.caloliva.cat\/wp-content\/uploads\/2016\/04\/IMG_9812-1024x683.jpg 1024w, https:\/\/www.caloliva.cat\/wp-content\/uploads\/2016\/04\/IMG_9812-420x280.jpg 420w\" sizes=\"(max-width: 389px) 100vw, 389px\" \/><\/p>\n","protected":false},"excerpt":{"rendered":"<p>la nostra vall \u00e9s un bon lloc per vuere aus i ocells i disfrutar de la natura<a class=\"more-link\" href=\"https:\/\/www.caloliva.cat\/es\/ornitologia\/\">Read More &rarr;<\/a><\/p>\n","protected":false},"author":1,"featured_media":982,"parent":0,"menu_order":0,"comment_status":"closed","ping_status":"closed","template":"","meta":[],"_links":{"self":[{"href":"https:\/\/www.caloliva.cat\/es\/wp-json\/wp\/v2\/pages\/719"}],"collection":[{"href":"https:\/\/www.caloliva.cat\/es\/wp-json\/wp\/v2\/pages"}],"about":[{"href":"https:\/\/www.caloliva.cat\/es\/wp-json\/wp\/v2\/types\/page"}],"author":[{"embeddable":true,"href":"https:\/\/www.caloliva.cat\/es\/wp-json\/wp\/v2\/users\/1"}],"replies":[{"embeddable":true,"href":"https:\/\/www.caloliva.cat\/es\/wp-json\/wp\/v2\/comments?post=719"}],"version-history":[{"count":3,"href":"https:\/\/www.caloliva.cat\/es\/wp-json\/wp\/v2\/pages\/719\/revisions"}],"predecessor-version":[{"id":1086,"href":"https:\/\/www.caloliva.cat\/es\/wp-json\/wp\/v2\/pages\/719\/revisions\/1086"}],"wp:featuredmedia":[{"embeddable":true,"href":"https:\/\/www.caloliva.cat\/es\/wp-json\/wp\/v2\/media\/982"}],"wp:attachment":[{"href":"https:\/\/www.caloliva.cat\/es\/wp-json\/wp\/v2\/media?parent=719"}],"curies":[{"name":"wp","href":"https:\/\/api.w.org\/{rel}","templated":true}]}}