{"id":714,"date":"2016-06-14T23:43:30","date_gmt":"2016-06-14T21:43:30","guid":{"rendered":"http:\/\/www.caloliva.cat\/es\/?page_id=714"},"modified":"2016-06-14T23:43:30","modified_gmt":"2016-06-14T21:43:30","slug":"la-casa","status":"publish","type":"page","link":"https:\/\/www.caloliva.cat\/es\/la-casa\/","title":{"rendered":"La Casa"},"content":{"rendered":"<p>Ca la Oliva es una casa rural con una capacidad para 8 personas situada en la peque\u00f1a poblaci\u00f3n de Preixens (La Noguera) &#8211; Lleida, el pueblo es totalmente agr\u00edcola y sus tierras son regadas por el Canal de Urgell, el municipio est\u00e1 ubicado en el precioso valle del R\u00edo Si\u00f3.<\/p>\n<p>Es una casa solariega que existe desde el siglo XVIII, situada en el centro del pueblo de Preixens, una construcci\u00f3n antigua hecha con piedra vista. Nuestra familia hemos sido paletas de toda la vida y nuestros antecesores hicieron y restaurar muchas de las casas de Preixens.<\/p>\n<p>Ca la Oliva dispone de 8 plazas con 4 habitaciones dobles y dos ba\u00f1os. En la planta baja tenemos la entrada principal que nos da acceso a la primera planta y, principal, de la casa, la entrada nos recibe con un recibidor con baldosa hidr\u00e1ulica catalana y que a la vez realiza la funci\u00f3n de distribuidor para las habitaciones y ba\u00f1o, a continuaci\u00f3n encontraremos la cocina, un espacio abierto que da acceso al comedor y sala principal de la casa, totalmente soleada y con acceso directo a la piscina exterior.<br \/>\nLa cocina est\u00e1 totalmente equipada con horno, microondas, lavavajillas, nevera y mucho m\u00e1s.<br \/>\nTambi\u00e9n disponemos de un cuarto de lavar, donde encontrar\u00e1 la lavadora y otros utensilios como la tabla de planchar y la plancha.<\/p>\n<p>En el exterior junto con la piscina hemos restaurado una antigua caba\u00f1a de vuelta, que hoy hace la funci\u00f3n de chill out.<br \/>\nEn el comedor disponemos de TV y un sof\u00e1 cama.<br \/>\nLa casa dispone de wifi totalmente gratuito<\/p>\n<figure id=\"attachment_299\" class=\"wp-caption aligncenter\" style=\"max-width: 826px\"><img loading=\"lazy\" class=\"wp-image-299\" src=\"http:\/\/www.caloliva.cat\/wp-content\/uploads\/2016\/04\/exterior-chillout-vista-300x175.jpg\" alt=\"Chillout Ca l'Oliva de Preixens\" width=\"826\" height=\"482\" srcset=\"https:\/\/www.caloliva.cat\/wp-content\/uploads\/2016\/04\/exterior-chillout-vista-300x175.jpg 300w, https:\/\/www.caloliva.cat\/wp-content\/uploads\/2016\/04\/exterior-chillout-vista-768x448.jpg 768w, https:\/\/www.caloliva.cat\/wp-content\/uploads\/2016\/04\/exterior-chillout-vista.jpg 1024w, https:\/\/www.caloliva.cat\/wp-content\/uploads\/2016\/04\/exterior-chillout-vista-420x245.jpg 420w\" sizes=\"(max-width: 826px) 100vw, 826px\" \/><figcaption class=\"wp-caption-text\">Vista general del Chill Out de Ca l&#8217;Oliva<\/figcaption><\/figure>\n","protected":false},"excerpt":{"rendered":"<p>Ca la Oliva es una casa rural con una capacidad para 8 personas situada en la peque\u00f1a poblaci\u00f3n de Preixens (La Noguera) &#8211; Lleida, el pueblo es totalmente agr\u00edcola y sus tierras son regadas por el Canal de Urgell, el municipio est\u00e1 ubicado en el precioso valle del R\u00edo Si\u00f3. Es una casa solariega que existe desde el siglo XVIII, situada en el centro del pueblo de Preixens, una construcci\u00f3n antigua hecha con piedra vista. Nuestra familia hemos sido paletas de toda la vida y nuestros antecesores hicieron y restaurar muchas de las casas de Preixens. Ca la Oliva dispone de 8 plazas con 4<a class=\"more-link\" href=\"https:\/\/www.caloliva.cat\/es\/la-casa\/\">Read More &rarr;<\/a><\/p>\n","protected":false},"author":1,"featured_media":504,"parent":0,"menu_order":0,"comment_status":"closed","ping_status":"closed","template":"","meta":[],"_links":{"self":[{"href":"https:\/\/www.caloliva.cat\/es\/wp-json\/wp\/v2\/pages\/714"}],"collection":[{"href":"https:\/\/www.caloliva.cat\/es\/wp-json\/wp\/v2\/pages"}],"about":[{"href":"https:\/\/www.caloliva.cat\/es\/wp-json\/wp\/v2\/types\/page"}],"author":[{"embeddable":true,"href":"https:\/\/www.caloliva.cat\/es\/wp-json\/wp\/v2\/users\/1"}],"replies":[{"embeddable":true,"href":"https:\/\/www.caloliva.cat\/es\/wp-json\/wp\/v2\/comments?post=714"}],"version-history":[{"count":1,"href":"https:\/\/www.caloliva.cat\/es\/wp-json\/wp\/v2\/pages\/714\/revisions"}],"predecessor-version":[{"id":715,"href":"https:\/\/www.caloliva.cat\/es\/wp-json\/wp\/v2\/pages\/714\/revisions\/715"}],"wp:featuredmedia":[{"embeddable":true,"href":"https:\/\/www.caloliva.cat\/es\/wp-json\/wp\/v2\/media\/504"}],"wp:attachment":[{"href":"https:\/\/www.caloliva.cat\/es\/wp-json\/wp\/v2\/media?parent=714"}],"curies":[{"name":"wp","href":"https:\/\/api.w.org\/{rel}","templated":true}]}}