{"id":707,"date":"2016-06-14T23:39:57","date_gmt":"2016-06-14T21:39:57","guid":{"rendered":"http:\/\/www.caloliva.cat\/es\/?page_id=707"},"modified":"2016-06-28T11:26:43","modified_gmt":"2016-06-28T09:26:43","slug":"gastronomia","status":"publish","type":"page","link":"https:\/\/www.caloliva.cat\/es\/gastronomia\/","title":{"rendered":"Gastronomia"},"content":{"rendered":"<p>Agramunt es una poblaci\u00f3n muy famosa por Turrones pero tambi\u00e9n por su Chocolate. Encontrar\u00e9is dos espacios muy sugerentes y pecul.liars relacionados con los turrones y el chocolate a la piedra.<\/p>\n<p><a href=\"http:\/\/www.xocolatajolonch.com\/es\/comestibles\/xocolatajolonch\" target=\"_blank\">Chocolateria Jolonch en Agramunt:<\/a> (recomendable hacer un buen chocolate para el desayuno o merienda, mientras visite Agramunt) Dicen que es una de las m\u00e1s grandes de Europa.<\/p>\n<p><img loading=\"lazy\" class=\"alignnone size-medium wp-image-641\" src=\"http:\/\/www.caloliva.cat\/wp-content\/uploads\/2016\/04\/xocolata-300x161.jpg\" alt=\"xocolata a la pedra jolonch\" width=\"300\" height=\"161\" srcset=\"https:\/\/www.caloliva.cat\/wp-content\/uploads\/2016\/04\/xocolata-300x161.jpg 300w, https:\/\/www.caloliva.cat\/wp-content\/uploads\/2016\/04\/xocolata-768x412.jpg 768w, https:\/\/www.caloliva.cat\/wp-content\/uploads\/2016\/04\/xocolata-420x225.jpg 420w, https:\/\/www.caloliva.cat\/wp-content\/uploads\/2016\/04\/xocolata.jpg 1022w\" sizes=\"(max-width: 300px) 100vw, 300px\" \/>\u00a0 <img loading=\"lazy\" class=\"alignnone size-medium wp-image-661\" src=\"http:\/\/www.caloliva.cat\/wp-content\/uploads\/2016\/04\/Xocolateria-Jolonch-4-300x169.jpg\" alt=\"Xocolataria Jolonch a Agramunt\" width=\"300\" height=\"169\" srcset=\"https:\/\/www.caloliva.cat\/wp-content\/uploads\/2016\/04\/Xocolateria-Jolonch-4-300x169.jpg 300w, https:\/\/www.caloliva.cat\/wp-content\/uploads\/2016\/04\/Xocolateria-Jolonch-4-768x432.jpg 768w, https:\/\/www.caloliva.cat\/wp-content\/uploads\/2016\/04\/Xocolateria-Jolonch-4-420x236.jpg 420w, https:\/\/www.caloliva.cat\/wp-content\/uploads\/2016\/04\/Xocolateria-Jolonch-4.jpg 960w\" sizes=\"(max-width: 300px) 100vw, 300px\" \/><\/p>\n<p><img loading=\"lazy\" class=\"alignnone size-medium wp-image-651\" src=\"http:\/\/www.caloliva.cat\/wp-content\/uploads\/2016\/04\/Xocolateria-Jolonch-2-169x300.jpg\" alt=\"Vista xocolateria Jolonch a Agramunt\" width=\"169\" height=\"300\" srcset=\"https:\/\/www.caloliva.cat\/wp-content\/uploads\/2016\/04\/Xocolateria-Jolonch-2-169x300.jpg 169w, https:\/\/www.caloliva.cat\/wp-content\/uploads\/2016\/04\/Xocolateria-Jolonch-2-309x550.jpg 309w, https:\/\/www.caloliva.cat\/wp-content\/uploads\/2016\/04\/Xocolateria-Jolonch-2.jpg 540w\" sizes=\"(max-width: 169px) 100vw, 169px\" \/>\u00a0 <img loading=\"lazy\" class=\"alignnone wp-image-646\" src=\"http:\/\/www.caloliva.cat\/wp-content\/uploads\/2016\/04\/Xocolateria-Jolonch-1-300x169.jpg\" alt=\"Chocolateria Jolonch 1\" width=\"430\" height=\"242\" srcset=\"https:\/\/www.caloliva.cat\/wp-content\/uploads\/2016\/04\/Xocolateria-Jolonch-1-300x169.jpg 300w, https:\/\/www.caloliva.cat\/wp-content\/uploads\/2016\/04\/Xocolateria-Jolonch-1-768x432.jpg 768w, https:\/\/www.caloliva.cat\/wp-content\/uploads\/2016\/04\/Xocolateria-Jolonch-1-420x236.jpg 420w, https:\/\/www.caloliva.cat\/wp-content\/uploads\/2016\/04\/Xocolateria-Jolonch-1.jpg 960w\" sizes=\"(max-width: 430px) 100vw, 430px\" \/><\/p>\n<p><a href=\"http:\/\/www.vicens.com\/museo-del-turron-y-el-chocolate\/\" target=\"_blank\">Museo del Turr\u00f3n y el Chocolate:<\/a><\/p>\n<p>La tradici\u00f3n turronera de Agramunt ofrece un museo dedicado a este producto tan t\u00edpico y tambi\u00e9n en el chocolate, luego se puede hacer degustaciones en la misma tienda de<strong>Torrons Vicens.<\/strong><\/p>\n<p><a href=\"http:\/\/www.vicens.com\/ca\/museu-del-torro-la-xocolata\/\" target=\"_blank\"><img loading=\"lazy\" class=\"alignnone wp-image-636\" src=\"http:\/\/www.caloliva.cat\/wp-content\/uploads\/2016\/04\/museu_ok-300x199.jpg\" alt=\"museu_ok\" width=\"351\" height=\"233\" srcset=\"https:\/\/www.caloliva.cat\/wp-content\/uploads\/2016\/04\/museu_ok-300x199.jpg 300w, https:\/\/www.caloliva.cat\/wp-content\/uploads\/2016\/04\/museu_ok-768x511.jpg 768w, https:\/\/www.caloliva.cat\/wp-content\/uploads\/2016\/04\/museu_ok-1024x681.jpg 1024w, https:\/\/www.caloliva.cat\/wp-content\/uploads\/2016\/04\/museu_ok-420x279.jpg 420w\" sizes=\"(max-width: 351px) 100vw, 351px\" \/><\/a><\/p>\n<h2>Restaurantes cerca de Ca l&#8217;Oliva<\/h2>\n<p>Bar \u2013 Restaurant del poble &#8211; Preixens<\/p>\n<h3>Restaurantes Agramunt<\/h3>\n<p><strong>Restaurant de l\u2019Hotel Blanc i Negre<\/strong><br \/>\nCtra. de Cervera, s\/n<br \/>\nTel.: 973 391 213 &#8211; Fax: 973 391 213<br \/>\nwww.blancinegre2.com<\/p>\n<p><strong>Restaurant Crich<\/strong><br \/>\nPl. del Pou, 4<br \/>\nTel.: 973 390 109 &#8211; Fax: 973 392 572<br \/>\ncrich@telefonica.net<\/p>\n<p><strong>Restaurant El Mirador<\/strong><br \/>\nAv. Catalunya, 1 &#8211; baixos 5<br \/>\nTel.: 973 392 375<br \/>\n<strong><br \/>\nRestaurant Brasil<\/strong><br \/>\nC\/Barretina,1<br \/>\nTel.: 973 392 697<\/p>\n<p><strong>Braseria Can Palou<\/strong><br \/>\nAv. Jaume Mestres,22<br \/>\nTel.: 973 392 028<br \/>\nBraseria La Repesca<br \/>\nC\/Firal, 27<br \/>\nTel.: 973 390 669<\/p>\n<p><strong>Bar Sport<\/strong><br \/>\nPl. Mercadal, 2<br \/>\nTel.: 973 390 302<\/p>\n<p><strong>Bar Carreras<\/strong><br \/>\nAv. Mari\u00e0 Jolonch, 2<br \/>\nTel.: 973 390 602<\/p>\n<p><strong>Old dreams (Bar &#8211; cerveseria)<\/strong><br \/>\nAv. dels Esports, 12-14<br \/>\nTel.: 973 390 470<\/p>\n<p><strong>Glops i tapes<\/strong><br \/>\nPla\u00e7a del Mercadal, 19<br \/>\nTelf.: 600 700 202<\/p>\n<p><strong>Bar del Nen<\/strong><br \/>\nC\/Institut, 5<br \/>\nTel.: 973 390 445<\/p>\n<p><strong>Sandvitxeria Itzel<\/strong><br \/>\nCrta. T\u00e0rrega, 19<br \/>\nTelf.: 672 459 062<\/p>\n<p><strong>Frankfurt del Si\u00f3<\/strong><br \/>\nC\/ Pla\u00e7a del Pou N 22<br \/>\nTel\u00e8fon: 973 390 297<br \/>\nfcfrankfurtdelsio.jimdo.com<br \/>\nfrankfurt.delsio@facebook.com<\/p>\n<p><strong>Pastisseria &#8211; Granja Batistet<\/strong><br \/>\nAv. \u00c0ngel Guimer\u00e0, 20<br \/>\nTel.: 973 390 753<\/p>\n<p><strong>Pastisseria &#8211; Granja Ramon<\/strong><br \/>\nAv. Jaume Mestres, 2<br \/>\nTel.: 973 392 283<\/p>\n<p><strong>L&#8217;Estoneta<\/strong><br \/>\nC\/ Petronel\u2022la, 2<br \/>\nTel.: 973 390 468<\/p>\n<p><strong>At\u00edpic<\/strong><br \/>\nPl. del Mercat, s\/n<br \/>\nTel.: 687 861 219<\/p>\n<h2>Catering<\/h2>\n<p>Est\u00e1is cansados, somnolientos y no tiene ganas de ponerse a la cocina os ofrecemos el servicio de <strong> Catering Cal Planes <\/strong>, una empresa cercana que te puede llevar a los croissants y el chocolate de buena ma\u00f1ana, o incluso as\u00ed, un fricand\u00f3 de ternera con setas para comer.<\/p>\n<p><a href=\"http:\/\/www.calplanes.com\/Castellano\/English\/\" target=\"_blank\">Para m\u00e1s informaci\u00f3n haga clic aqu\u00ed<\/a><\/p>\n","protected":false},"excerpt":{"rendered":"<p>La gastronomia de la comarca \u00e9s molt variada. Informeu-vos<a class=\"more-link\" href=\"https:\/\/www.caloliva.cat\/es\/gastronomia\/\">Read More &rarr;<\/a><\/p>\n","protected":false},"author":1,"featured_media":635,"parent":0,"menu_order":0,"comment_status":"closed","ping_status":"closed","template":"","meta":[],"_links":{"self":[{"href":"https:\/\/www.caloliva.cat\/es\/wp-json\/wp\/v2\/pages\/707"}],"collection":[{"href":"https:\/\/www.caloliva.cat\/es\/wp-json\/wp\/v2\/pages"}],"about":[{"href":"https:\/\/www.caloliva.cat\/es\/wp-json\/wp\/v2\/types\/page"}],"author":[{"embeddable":true,"href":"https:\/\/www.caloliva.cat\/es\/wp-json\/wp\/v2\/users\/1"}],"replies":[{"embeddable":true,"href":"https:\/\/www.caloliva.cat\/es\/wp-json\/wp\/v2\/comments?post=707"}],"version-history":[{"count":4,"href":"https:\/\/www.caloliva.cat\/es\/wp-json\/wp\/v2\/pages\/707\/revisions"}],"predecessor-version":[{"id":1082,"href":"https:\/\/www.caloliva.cat\/es\/wp-json\/wp\/v2\/pages\/707\/revisions\/1082"}],"wp:featuredmedia":[{"embeddable":true,"href":"https:\/\/www.caloliva.cat\/es\/wp-json\/wp\/v2\/media\/635"}],"wp:attachment":[{"href":"https:\/\/www.caloliva.cat\/es\/wp-json\/wp\/v2\/media?parent=707"}],"curies":[{"name":"wp","href":"https:\/\/api.w.org\/{rel}","templated":true}]}}