{"id":701,"date":"2016-06-14T20:10:44","date_gmt":"2016-06-14T18:10:44","guid":{"rendered":"http:\/\/www.caloliva.cat\/es\/?page_id=701"},"modified":"2016-07-01T13:35:21","modified_gmt":"2016-07-01T11:35:21","slug":"galeria-de-imagenes-de-la-comarca","status":"publish","type":"page","link":"https:\/\/www.caloliva.cat\/es\/galeria-de-imagenes-de-la-comarca\/","title":{"rendered":"Galer\u00eda de im\u00e1genes de la comarca"},"content":{"rendered":"","protected":false},"excerpt":{"rendered":"<p>Descubre los rincones m\u00e1s encantadores de la comarca de la Noguera y el Urgell<a class=\"more-link\" href=\"https:\/\/www.caloliva.cat\/es\/galeria-de-imagenes-de-la-comarca\/\">Read More &rarr;<\/a><\/p>\n","protected":false},"author":1,"featured_media":876,"parent":0,"menu_order":0,"comment_status":"closed","ping_status":"closed","template":"","meta":[],"_links":{"self":[{"href":"https:\/\/www.caloliva.cat\/es\/wp-json\/wp\/v2\/pages\/701"}],"collection":[{"href":"https:\/\/www.caloliva.cat\/es\/wp-json\/wp\/v2\/pages"}],"about":[{"href":"https:\/\/www.caloliva.cat\/es\/wp-json\/wp\/v2\/types\/page"}],"author":[{"embeddable":true,"href":"https:\/\/www.caloliva.cat\/es\/wp-json\/wp\/v2\/users\/1"}],"replies":[{"embeddable":true,"href":"https:\/\/www.caloliva.cat\/es\/wp-json\/wp\/v2\/comments?post=701"}],"version-history":[{"count":2,"href":"https:\/\/www.caloliva.cat\/es\/wp-json\/wp\/v2\/pages\/701\/revisions"}],"predecessor-version":[{"id":1097,"href":"https:\/\/www.caloliva.cat\/es\/wp-json\/wp\/v2\/pages\/701\/revisions\/1097"}],"wp:featuredmedia":[{"embeddable":true,"href":"https:\/\/www.caloliva.cat\/es\/wp-json\/wp\/v2\/media\/876"}],"wp:attachment":[{"href":"https:\/\/www.caloliva.cat\/es\/wp-json\/wp\/v2\/media?parent=701"}],"curies":[{"name":"wp","href":"https:\/\/api.w.org\/{rel}","templated":true}]}}